{"id":332,"date":"2022-08-05T11:00:50","date_gmt":"2022-08-05T14:00:50","guid":{"rendered":"http:\/\/razaoengenharia.com.br\/?page_id=332"},"modified":"2023-03-06T21:45:23","modified_gmt":"2023-03-07T00:45:23","slug":"laranjeiras","status":"publish","type":"page","link":"http:\/\/razaoengenharia.com.br\/en\/laranjeiras\/","title":{"rendered":"Laranjeiras"},"content":{"rendered":"<ul>\n<li>Apartamentos NOVOS e PRONTOS em Laranjeiras<\/li>\n<li>Todos com su\u00edte e garagem<\/li>\n<li>Pr\u00f3ximos a mercado, bancos, hospitais e col\u00e9gios<\/li>\n<li>15 minutos a p\u00e9 do metr\u00f4 Lgo. do Machado<\/li>\n<li>Apartamento decorado<\/li>\n<\/ul>\n<p><strong><a href=\"https:\/\/api.whatsapp.com\/send?phone=5521999723835\" target=\"_blank\" rel=\"noopener\"><img loading=\"lazy\" decoding=\"async\" class=\"alignnone wp-image-400\" src=\"http:\/\/razaoengenharia.com.br\/wordpress\/wp-content\/uploads\/2022\/08\/zap.svg\" alt=\"\" width=\"27\" height=\"27\" srcset=\"http:\/\/razaoengenharia.com.br\/wordpress\/wp-content\/uploads\/\/2022\/08\/zap.svg 150w, http:\/\/razaoengenharia.com.br\/wordpress\/wp-content\/uploads\/\/2022\/08\/zap.svg 300w, http:\/\/razaoengenharia.com.br\/wordpress\/wp-content\/uploads\/\/2022\/08\/zap.svg 1024w\" sizes=\"(max-width: 27px) 100vw, 27px\" \/>entre em contato!<\/a><\/strong><\/p>\n","protected":false},"excerpt":{"rendered":"<p>Apartamentos NOVOS e PRONTOS em Laranjeiras Todos com su\u00edte e garagem Pr\u00f3ximos a mercado, bancos, hospitais e col\u00e9gios 15 minutos a p\u00e9 do metr\u00f4 Lgo. do Machado Apartamento decorado entre em contato!<\/p>\n","protected":false},"author":1,"featured_media":0,"parent":0,"menu_order":0,"comment_status":"closed","ping_status":"closed","template":"","meta":{"footnotes":""},"_links":{"self":[{"href":"http:\/\/razaoengenharia.com.br\/en\/wp-json\/wp\/v2\/pages\/332"}],"collection":[{"href":"http:\/\/razaoengenharia.com.br\/en\/wp-json\/wp\/v2\/pages"}],"about":[{"href":"http:\/\/razaoengenharia.com.br\/en\/wp-json\/wp\/v2\/types\/page"}],"author":[{"embeddable":true,"href":"http:\/\/razaoengenharia.com.br\/en\/wp-json\/wp\/v2\/users\/1"}],"replies":[{"embeddable":true,"href":"http:\/\/razaoengenharia.com.br\/en\/wp-json\/wp\/v2\/comments?post=332"}],"version-history":[{"count":25,"href":"http:\/\/razaoengenharia.com.br\/en\/wp-json\/wp\/v2\/pages\/332\/revisions"}],"predecessor-version":[{"id":440,"href":"http:\/\/razaoengenharia.com.br\/en\/wp-json\/wp\/v2\/pages\/332\/revisions\/440"}],"wp:attachment":[{"href":"http:\/\/razaoengenharia.com.br\/en\/wp-json\/wp\/v2\/media?parent=332"}],"curies":[{"name":"wp","href":"https:\/\/api.w.org\/{rel}","templated":true}]}}